{"id":3970,"date":"2023-10-19T02:32:23","date_gmt":"2023-10-18T19:32:23","guid":{"rendered":"https:\/\/htvina.com.vn\/?page_id=3970"},"modified":"2023-10-23T04:50:53","modified_gmt":"2023-10-22T21:50:53","slug":"chung-nhan-cua-htvina","status":"publish","type":"page","link":"https:\/\/htvina.com.vn\/en\/chung-nhan-cua-htvina\/","title":{"rendered":"Certificate of HTVina"},"content":{"rendered":"<div data-elementor-type=\"wp-page\" data-elementor-id=\"3970\" class=\"elementor elementor-3970\" data-elementor-post-type=\"page\">\n\t\t\t\t<div class=\"elementor-element elementor-element-32a3457 e-flex e-con-boxed e-con e-parent\" data-id=\"32a3457\" data-element_type=\"container\" data-settings=\"{&quot;background_background&quot;:&quot;classic&quot;}\">\n\t\t\t\t\t<div class=\"e-con-inner\">\n\t\t<div class=\"elementor-element elementor-element-216c536 e-flex e-con-boxed e-con e-child\" data-id=\"216c536\" data-element_type=\"container\">\n\t\t\t\t\t<div class=\"e-con-inner\">\n\t\t\t\t<div class=\"elementor-element elementor-element-33b1224 elementor-widget elementor-widget-heading\" data-id=\"33b1224\" data-element_type=\"widget\" data-widget_type=\"heading.default\">\n\t\t\t\t<div class=\"elementor-widget-container\">\n\t\t\t\t\t<h2 class=\"elementor-heading-title elementor-size-default\">Certificate of HTVina<\/h2>\t\t\t\t<\/div>\n\t\t\t\t<\/div>\n\t\t\t\t<div class=\"elementor-element elementor-element-5bc16c9 elementor-widget elementor-widget-text-editor\" data-id=\"5bc16c9\" data-element_type=\"widget\" data-widget_type=\"text-editor.default\">\n\t\t\t\t<div class=\"elementor-widget-container\">\n\t\t\t\t\t\t\t\t\t<p style=\"margin-bottom: 0; font-size: 16px;\"><span style=\"color: #929eb2;\">Home \/ <\/span><span style=\"color: #929eb2;\"><span style=\"color: #ffffff;\">Certificate of HTVina<\/span><\/span><\/p>\t\t\t\t\t\t\t\t<\/div>\n\t\t\t\t<\/div>\n\t\t\t\t\t<\/div>\n\t\t\t\t<\/div>\n\t\t\t\t\t<\/div>\n\t\t\t\t<\/div>\n\t\t<div class=\"elementor-element elementor-element-6cc6aad e-flex e-con-boxed e-con e-parent\" data-id=\"6cc6aad\" data-element_type=\"container\" data-settings=\"{&quot;background_background&quot;:&quot;classic&quot;}\">\n\t\t\t\t\t<div class=\"e-con-inner\">\n\t\t\t\t<div class=\"elementor-element elementor-element-3a5bf45 elementor-widget elementor-widget-heading\" data-id=\"3a5bf45\" data-element_type=\"widget\" data-widget_type=\"heading.default\">\n\t\t\t\t<div class=\"elementor-widget-container\">\n\t\t\t\t\t<h5 class=\"elementor-heading-title elementor-size-default\">After more than 10 years of operation, from a young enterprise, HT VINA has affirmed its position, gaining the trust of many famous brands with technology and techniques that meet international standards, meeting international standards. many high technical requirements.<\/h5>\t\t\t\t<\/div>\n\t\t\t\t<\/div>\n\t\t\t\t\t<\/div>\n\t\t\t\t<\/div>\n\t\t<div class=\"elementor-element elementor-element-6ff5a7d e-flex e-con-boxed e-con e-parent\" data-id=\"6ff5a7d\" data-element_type=\"container\">\n\t\t\t\t\t<div class=\"e-con-inner\">\n\t\t\t\t<div class=\"elementor-element elementor-element-0aa9f8d custom-under-line-header center elementor-widget elementor-widget-heading\" data-id=\"0aa9f8d\" data-element_type=\"widget\" data-widget_type=\"heading.default\">\n\t\t\t\t<div class=\"elementor-widget-container\">\n\t\t\t\t\t<h2 class=\"elementor-heading-title elementor-size-default\">List of certificates of HTVina<\/h2>\t\t\t\t<\/div>\n\t\t\t\t<\/div>\n\t\t\t\t\t<\/div>\n\t\t\t\t<\/div>\n\t\t<div class=\"elementor-element elementor-element-62d43be e-flex e-con-boxed e-con e-parent\" data-id=\"62d43be\" data-element_type=\"container\">\n\t\t\t\t\t<div class=\"e-con-inner\">\n\t\t\t\t<div class=\"elementor-element elementor-element-8606553 elementor-widget elementor-widget-gallery\" data-id=\"8606553\" data-element_type=\"widget\" data-settings=\"{&quot;gallery_layout&quot;:&quot;justified&quot;,&quot;ideal_row_height&quot;:{&quot;unit&quot;:&quot;px&quot;,&quot;size&quot;:1000,&quot;sizes&quot;:[]},&quot;ideal_row_height_tablet&quot;:{&quot;unit&quot;:&quot;px&quot;,&quot;size&quot;:500,&quot;sizes&quot;:[]},&quot;ideal_row_height_mobile&quot;:{&quot;unit&quot;:&quot;px&quot;,&quot;size&quot;:500,&quot;sizes&quot;:[]},&quot;overlay_title&quot;:&quot;title&quot;,&quot;lazyload&quot;:&quot;yes&quot;,&quot;gap&quot;:{&quot;unit&quot;:&quot;px&quot;,&quot;size&quot;:10,&quot;sizes&quot;:[]},&quot;gap_tablet&quot;:{&quot;unit&quot;:&quot;px&quot;,&quot;size&quot;:10,&quot;sizes&quot;:[]},&quot;gap_mobile&quot;:{&quot;unit&quot;:&quot;px&quot;,&quot;size&quot;:10,&quot;sizes&quot;:[]},&quot;overlay_background&quot;:&quot;yes&quot;,&quot;content_hover_animation&quot;:&quot;fade-in&quot;}\" data-widget_type=\"gallery.default\">\n\t\t\t\t<div class=\"elementor-widget-container\">\n\t\t\t\t\t\t\t<div class=\"elementor-gallery__container\">\n\t\t\t\t\t\t\t<div class=\"e-gallery-item elementor-gallery-item elementor-animated-content\" tabindex=\"0\">\n\t\t\t\t\t<div class=\"e-gallery-image elementor-gallery-item__image\" data-thumbnail=\"https:\/\/htvina.com.vn\/wp-content\/uploads\/2023\/10\/Smeta-2020.jpg\" data-width=\"1621\" data-height=\"2152\" aria-label=\"\" role=\"img\" ><\/div>\n\t\t\t\t\t\t\t\t\t\t\t<div class=\"elementor-gallery-item__overlay\"><\/div>\n\t\t\t\t\t\t\t\t\t\t\t\t\t\t\t<div class=\"elementor-gallery-item__content\">\n\t\t\t\t\t\t\t\t\t\t\t\t\t\t<div class=\"elementor-gallery-item__title\">\n\t\t\t\t\t\t\t\t\t\t\t\t\t\t\t\t\t\tSmeta 2020\t\t\t\t\t\t\t\t<\/div>\n\t\t\t\t\t\t\t\t\t\t\t\t<\/div>\n\t\t\t\t\t\t\t\t\t<\/div>\n\t\t\t\t\t\t\t<div class=\"e-gallery-item elementor-gallery-item elementor-animated-content\" tabindex=\"0\">\n\t\t\t\t\t<div class=\"e-gallery-image elementor-gallery-item__image\" data-thumbnail=\"https:\/\/htvina.com.vn\/wp-content\/uploads\/2023\/10\/Cert-HT-Vina-Issue1-QMS-QVN1229.jpg\" data-width=\"1654\" data-height=\"2339\" aria-label=\"\" role=\"img\" ><\/div>\n\t\t\t\t\t\t\t\t\t\t\t<div class=\"elementor-gallery-item__overlay\"><\/div>\n\t\t\t\t\t\t\t\t\t\t\t\t\t\t\t<div class=\"elementor-gallery-item__content\">\n\t\t\t\t\t\t\t\t\t\t\t\t\t\t<div class=\"elementor-gallery-item__title\">\n\t\t\t\t\t\t\t\t\t\t\t\t\t\t\t\t\t\tCert-HT Vina-Issue1-QMS-QVN1229\t\t\t\t\t\t\t\t<\/div>\n\t\t\t\t\t\t\t\t\t\t\t\t<\/div>\n\t\t\t\t\t\t\t\t\t<\/div>\n\t\t\t\t\t\t\t<div class=\"e-gallery-item elementor-gallery-item elementor-animated-content\" tabindex=\"0\">\n\t\t\t\t\t<div class=\"e-gallery-image elementor-gallery-item__image\" data-thumbnail=\"https:\/\/htvina.com.vn\/wp-content\/uploads\/2023\/10\/Cert-HT-Vina-Issue1-EMS-QVN1229.jpg\" data-width=\"1654\" data-height=\"2339\" aria-label=\"\" role=\"img\" ><\/div>\n\t\t\t\t\t\t\t\t\t\t\t<div class=\"elementor-gallery-item__overlay\"><\/div>\n\t\t\t\t\t\t\t\t\t\t\t\t\t\t\t<div class=\"elementor-gallery-item__content\">\n\t\t\t\t\t\t\t\t\t\t\t\t\t\t<div class=\"elementor-gallery-item__title\">\n\t\t\t\t\t\t\t\t\t\t\t\t\t\t\t\t\t\tCert-HT Vina-Issue1-EMS-QVN1229\t\t\t\t\t\t\t\t<\/div>\n\t\t\t\t\t\t\t\t\t\t\t\t<\/div>\n\t\t\t\t\t\t\t\t\t<\/div>\n\t\t\t\t\t\t\t<div class=\"e-gallery-item elementor-gallery-item elementor-animated-content\" tabindex=\"0\">\n\t\t\t\t\t<div class=\"e-gallery-image elementor-gallery-item__image\" data-thumbnail=\"https:\/\/htvina.com.vn\/wp-content\/uploads\/2023\/10\/1.-FSC-HT-VINA.jpg\" data-width=\"1652\" data-height=\"2152\" aria-label=\"\" role=\"img\" ><\/div>\n\t\t\t\t\t\t\t\t\t\t\t<div class=\"elementor-gallery-item__overlay\"><\/div>\n\t\t\t\t\t\t\t\t\t\t\t\t\t\t\t<div class=\"elementor-gallery-item__content\">\n\t\t\t\t\t\t\t\t\t\t\t\t\t\t<div class=\"elementor-gallery-item__title\">\n\t\t\t\t\t\t\t\t\t\t\t\t\t\t\t\t\t\t1. FSC HT VINA\t\t\t\t\t\t\t\t<\/div>\n\t\t\t\t\t\t\t\t\t\t\t\t<\/div>\n\t\t\t\t\t\t\t\t\t<\/div>\n\t\t\t\t\t<\/div>\n\t\t\t\t\t<\/div>\n\t\t\t\t<\/div>\n\t\t\t\t\t<\/div>\n\t\t\t\t<\/div>\n\t\t<div class=\"elementor-element elementor-element-7da745f e-flex e-con-boxed e-con e-parent\" data-id=\"7da745f\" data-element_type=\"container\">\n\t\t\t\t\t<div class=\"e-con-inner\">\n\t\t\t\t<div class=\"elementor-element elementor-element-7ca22ed elementor-widget elementor-widget-image\" data-id=\"7ca22ed\" data-element_type=\"widget\" data-widget_type=\"image.default\">\n\t\t\t\t<div class=\"elementor-widget-container\">\n\t\t\t\t\t\t\t\t\t\t\t\t\t\t\t<img fetchpriority=\"high\" decoding=\"async\" width=\"6616\" height=\"9356\" src=\"https:\/\/htvina.com.vn\/wp-content\/uploads\/2023\/10\/Ban-chuan-2021-02.jpg\" class=\"attachment-full size-full wp-image-3985\" alt=\"\" srcset=\"https:\/\/htvina.com.vn\/wp-content\/uploads\/2023\/10\/Ban-chuan-2021-02.jpg 6616w, https:\/\/htvina.com.vn\/wp-content\/uploads\/2023\/10\/Ban-chuan-2021-02-424x600.jpg 424w, https:\/\/htvina.com.vn\/wp-content\/uploads\/2023\/10\/Ban-chuan-2021-02-768x1086.jpg 768w\" sizes=\"(max-width: 6616px) 100vw, 6616px\" \/>\t\t\t\t\t\t\t\t\t\t\t\t\t\t\t<\/div>\n\t\t\t\t<\/div>\n\t\t\t\t\t<\/div>\n\t\t\t\t<\/div>\n\t\t\t\t<\/div>","protected":false},"excerpt":{"rendered":"<p>Ch\u1ee9ng ch\u1ec9 c\u1ee7a HTVina Trang ch\u1ee7 \/ Ch\u1ee9ng ch\u1ec9 c\u1ee7a HTVina Sau h\u01a1n 10 n\u0103m \u0111i v\u00e0o ho\u1ea1t \u0111\u1ed9ng, t\u1eeb m\u1ed9t doanh nghi\u1ec7p non tr\u1ebb HT VINA \u0111\u00e3 kh\u1eb3ng \u0111\u1ecbnh \u0111\u01b0\u1ee3c ch\u1ed7 \u0111\u1ee9ng c\u1ee7a m\u00ecnh, \u0111\u1ea1t \u0111\u01b0\u1ee3c l\u00f2ng tin c\u1ee7a nhi\u1ec1u th\u01b0\u01a1ng hi\u1ec7u n\u1ed5i ti\u1ebfng b\u1eb1ng c\u00f4ng ngh\u1ec7 v\u00e0 k\u1ef9 thu\u1eadt \u0111\u1ea1t chu\u1ea9n qu\u1ed1c t\u1ebf, [&hellip;]<\/p>","protected":false},"author":1,"featured_media":0,"parent":0,"menu_order":0,"comment_status":"closed","ping_status":"closed","template":"","meta":{"footnotes":""},"class_list":["post-3970","page","type-page","status-publish","hentry"],"_links":{"self":[{"href":"https:\/\/htvina.com.vn\/en\/wp-json\/wp\/v2\/pages\/3970","targetHints":{"allow":["GET"]}}],"collection":[{"href":"https:\/\/htvina.com.vn\/en\/wp-json\/wp\/v2\/pages"}],"about":[{"href":"https:\/\/htvina.com.vn\/en\/wp-json\/wp\/v2\/types\/page"}],"author":[{"embeddable":true,"href":"https:\/\/htvina.com.vn\/en\/wp-json\/wp\/v2\/users\/1"}],"replies":[{"embeddable":true,"href":"https:\/\/htvina.com.vn\/en\/wp-json\/wp\/v2\/comments?post=3970"}],"version-history":[{"count":25,"href":"https:\/\/htvina.com.vn\/en\/wp-json\/wp\/v2\/pages\/3970\/revisions"}],"predecessor-version":[{"id":4362,"href":"https:\/\/htvina.com.vn\/en\/wp-json\/wp\/v2\/pages\/3970\/revisions\/4362"}],"wp:attachment":[{"href":"https:\/\/htvina.com.vn\/en\/wp-json\/wp\/v2\/media?parent=3970"}],"curies":[{"name":"wp","href":"https:\/\/api.w.org\/{rel}","templated":true}]}}