{"id":12,"date":"2023-10-13T06:35:37","date_gmt":"2023-10-12T23:35:37","guid":{"rendered":"https:\/\/htvina.com.vn\/?page_id=12"},"modified":"2025-09-21T00:59:34","modified_gmt":"2025-09-20T17:59:34","slug":"ve-chung-toi","status":"publish","type":"page","link":"https:\/\/htvina.com.vn\/en\/ve-chung-toi\/","title":{"rendered":"About us"},"content":{"rendered":"<div data-elementor-type=\"wp-page\" data-elementor-id=\"12\" class=\"elementor elementor-12\" data-elementor-post-type=\"page\">\n\t\t\t\t<div class=\"elementor-element elementor-element-046cd1d e-flex e-con-boxed e-con e-parent\" data-id=\"046cd1d\" data-element_type=\"container\" data-settings=\"{&quot;background_background&quot;:&quot;classic&quot;}\">\n\t\t\t\t\t<div class=\"e-con-inner\">\n\t\t<div class=\"elementor-element elementor-element-4f7e33f e-flex e-con-boxed e-con e-child\" data-id=\"4f7e33f\" data-element_type=\"container\">\n\t\t\t\t\t<div class=\"e-con-inner\">\n\t\t\t\t<div class=\"elementor-element elementor-element-9e7a05a elementor-widget elementor-widget-heading\" data-id=\"9e7a05a\" data-element_type=\"widget\" data-widget_type=\"heading.default\">\n\t\t\t\t<div class=\"elementor-widget-container\">\n\t\t\t\t\t<h2 class=\"elementor-heading-title elementor-size-default\">About us<\/h2>\t\t\t\t<\/div>\n\t\t\t\t<\/div>\n\t\t\t\t<div class=\"elementor-element elementor-element-026877a elementor-widget elementor-widget-text-editor\" data-id=\"026877a\" data-element_type=\"widget\" data-widget_type=\"text-editor.default\">\n\t\t\t\t<div class=\"elementor-widget-container\">\n\t\t\t\t\t\t\t\t\t<p style=\"margin-bottom: 0; font-size: 16px;\"><span style=\"color: #929eb2;\">Home \/ <\/span><span style=\"color: #929eb2;\"><span style=\"color: #ffffff;\">About us<\/span><\/span><\/p>\t\t\t\t\t\t\t\t<\/div>\n\t\t\t\t<\/div>\n\t\t\t\t\t<\/div>\n\t\t\t\t<\/div>\n\t\t\t\t\t<\/div>\n\t\t\t\t<\/div>\n\t\t<div class=\"elementor-element elementor-element-7bc4fd1 e-flex e-con-boxed e-con e-parent\" data-id=\"7bc4fd1\" data-element_type=\"container\" data-settings=\"{&quot;background_background&quot;:&quot;classic&quot;}\">\n\t\t\t\t\t<div class=\"e-con-inner\">\n\t\t\t\t<div class=\"elementor-element elementor-element-31b781f custom-under-line-header center elementor-widget elementor-widget-heading\" data-id=\"31b781f\" data-element_type=\"widget\" data-widget_type=\"heading.default\">\n\t\t\t\t<div class=\"elementor-widget-container\">\n\t\t\t\t\t<h2 class=\"elementor-heading-title elementor-size-default\">HT VINA Investment Joint Stock Corporation<\/h2>\t\t\t\t<\/div>\n\t\t\t\t<\/div>\n\t\t\t\t<div class=\"elementor-element elementor-element-bebb1f0 elementor-widget elementor-widget-heading\" data-id=\"bebb1f0\" data-element_type=\"widget\" data-widget_type=\"heading.default\">\n\t\t\t\t<div class=\"elementor-widget-container\">\n\t\t\t\t\t<h4 class=\"elementor-heading-title elementor-size-default\">HT VINA INVESTMENT CORP.COMPANY<\/h4>\t\t\t\t<\/div>\n\t\t\t\t<\/div>\n\t\t\t\t<div class=\"elementor-element elementor-element-6ea115c elementor-widget elementor-widget-heading\" data-id=\"6ea115c\" data-element_type=\"widget\" data-widget_type=\"heading.default\">\n\t\t\t\t<div class=\"elementor-widget-container\">\n\t\t\t\t\t<h5 class=\"elementor-heading-title elementor-size-default\">With a team of young manages \nand skilled workers with \nexperience. Together with the \ncompany's commitment to \nensure the environment under \ncurrent law. Our Company \nbelieves will be sufficient to \nsatisfy the requirements of \nCustomers Quality - Service - \nprices, contributing little to \ncreate the form of your \ncompany products more \nattractive and competitive \ndomestic market and export.<\/h5>\t\t\t\t<\/div>\n\t\t\t\t<\/div>\n\t\t<div class=\"elementor-element elementor-element-741ad39 e-flex e-con-boxed e-con e-child\" data-id=\"741ad39\" data-element_type=\"container\">\n\t\t\t\t\t<div class=\"e-con-inner\">\n\t\t\t\t<div class=\"elementor-element elementor-element-f008b4a elementor-widget elementor-widget-text-editor\" data-id=\"f008b4a\" data-element_type=\"widget\" data-widget_type=\"text-editor.default\">\n\t\t\t\t<div class=\"elementor-widget-container\">\n\t\t\t\t\t\t\t\t\t<strong>Orientation<\/strong>\n<p>With a team of young manages \nand skilled workers with \nexperience. Together with the \ncompany's commitment to \nensure the environment under \ncurrent law. Our Company \nbelieves will be sufficient to \nsatisfy the requirements of \nCustomers Quality - Service - \nprices, contributing little to \ncreate the form of your \ncompany products more \nattractive and competitive \ndomestic market and export.<\/p>\t\t\t\t\t\t\t\t<\/div>\n\t\t\t\t<\/div>\n\t\t\t\t\t<\/div>\n\t\t\t\t<\/div>\n\t\t<div class=\"elementor-element elementor-element-3f15ee9 e-flex e-con-boxed e-con e-child\" data-id=\"3f15ee9\" data-element_type=\"container\">\n\t\t\t\t\t<div class=\"e-con-inner\">\n\t\t<div class=\"elementor-element elementor-element-8427f1c e-con-full e-flex e-con e-child\" data-id=\"8427f1c\" data-element_type=\"container\">\n\t\t\t\t<div class=\"elementor-element elementor-element-abc89ea elementor-widget elementor-widget-text-editor\" data-id=\"abc89ea\" data-element_type=\"widget\" data-widget_type=\"text-editor.default\">\n\t\t\t\t<div class=\"elementor-widget-container\">\n\t\t\t\t\t\t\t\t\t<strong>Certified Business<\/strong><br>\nNo: 0103050179\t\t\t\t\t\t\t\t<\/div>\n\t\t\t\t<\/div>\n\t\t\t\t<\/div>\n\t\t<div class=\"elementor-element elementor-element-0d4fcd1 e-con-full e-flex e-con e-child\" data-id=\"0d4fcd1\" data-element_type=\"container\">\n\t\t\t\t<div class=\"elementor-element elementor-element-2f5a61e elementor-widget elementor-widget-text-editor\" data-id=\"2f5a61e\" data-element_type=\"widget\" data-widget_type=\"text-editor.default\">\n\t\t\t\t<div class=\"elementor-widget-container\">\n\t\t\t\t\t\t\t\t\t<p><strong>Entrepreneurialism<\/strong><br \/><strong style=\"color: #fd7c26;\">\u201cQUALITY AND PRESTIGE<br \/>IS ALWAYS COME FIRST\u201d<\/strong><\/p>\t\t\t\t\t\t\t\t<\/div>\n\t\t\t\t<\/div>\n\t\t\t\t<\/div>\n\t\t<div class=\"elementor-element elementor-element-e8a5c2c e-con-full e-flex e-con e-child\" data-id=\"e8a5c2c\" data-element_type=\"container\">\n\t\t\t\t<div class=\"elementor-element elementor-element-89f78b1 elementor-widget elementor-widget-text-editor\" data-id=\"89f78b1\" data-element_type=\"widget\" data-widget_type=\"text-editor.default\">\n\t\t\t\t<div class=\"elementor-widget-container\">\n\t\t\t\t\t\t\t\t\t<p><strong>Capital investment<\/strong><br \/>USD 20 millions<\/p>\t\t\t\t\t\t\t\t<\/div>\n\t\t\t\t<\/div>\n\t\t\t\t<\/div>\n\t\t<div class=\"elementor-element elementor-element-e442dc0 e-con-full e-flex e-con e-child\" data-id=\"e442dc0\" data-element_type=\"container\">\n\t\t\t\t<div class=\"elementor-element elementor-element-eea2766 elementor-widget elementor-widget-text-editor\" data-id=\"eea2766\" data-element_type=\"widget\" data-widget_type=\"text-editor.default\">\n\t\t\t\t<div class=\"elementor-widget-container\">\n\t\t\t\t\t\t\t\t\t<p><strong>Scale<\/strong><br \/>With a factory area of<br \/>28.000m2, and 17.000 m<br \/>workshop<\/p>\t\t\t\t\t\t\t\t<\/div>\n\t\t\t\t<\/div>\n\t\t\t\t<\/div>\n\t\t\t\t\t<\/div>\n\t\t\t\t<\/div>\n\t\t\t\t\t<\/div>\n\t\t\t\t<\/div>\n\t\t<div class=\"elementor-element elementor-element-7352b27 e-flex e-con-boxed e-con e-parent\" data-id=\"7352b27\" data-element_type=\"container\">\n\t\t\t\t\t<div class=\"e-con-inner\">\n\t\t<div class=\"elementor-element elementor-element-f1d0fd4 e-con-full e-flex e-con e-child\" data-id=\"f1d0fd4\" data-element_type=\"container\">\n\t\t\t\t<div class=\"elementor-element elementor-element-30efa76 elementor-widget__width-auto custom-under-line-header left elementor-widget elementor-widget-heading\" data-id=\"30efa76\" data-element_type=\"widget\" data-widget_type=\"heading.default\">\n\t\t\t\t<div class=\"elementor-widget-container\">\n\t\t\t\t\t<h2 class=\"elementor-heading-title elementor-size-default\">Vision<\/h2>\t\t\t\t<\/div>\n\t\t\t\t<\/div>\n\t\t\t\t<div class=\"elementor-element elementor-element-4216af0 elementor-widget elementor-widget-heading\" data-id=\"4216af0\" data-element_type=\"widget\" data-widget_type=\"heading.default\">\n\t\t\t\t<div class=\"elementor-widget-container\">\n\t\t\t\t\t<h5 class=\"elementor-heading-title elementor-size-default\">HT VINA <span style=\"color:#FD7C26\">becoming a leading paper packaging manufacturing and supplying company in Vietnam and Southeast Asia, creating a lot of value <\/span> for customers and society.<\/h5>\t\t\t\t<\/div>\n\t\t\t\t<\/div>\n\t\t\t\t<\/div>\n\t\t<div class=\"elementor-element elementor-element-9f045bd e-con-full e-flex e-con e-child\" data-id=\"9f045bd\" data-element_type=\"container\">\n\t\t\t\t<div class=\"elementor-element elementor-element-8cefb2a elementor-widget elementor-widget-image\" data-id=\"8cefb2a\" data-element_type=\"widget\" data-widget_type=\"image.default\">\n\t\t\t\t<div class=\"elementor-widget-container\">\n\t\t\t\t\t\t\t\t\t\t\t\t\t\t\t<img fetchpriority=\"high\" decoding=\"async\" width=\"930\" height=\"887\" src=\"https:\/\/htvina.com.vn\/wp-content\/uploads\/2023\/10\/Screenshot-2023-10-19-001414.png\" class=\"attachment-large size-large wp-image-3868\" alt=\"\" srcset=\"https:\/\/htvina.com.vn\/wp-content\/uploads\/2023\/10\/Screenshot-2023-10-19-001414.png 930w, https:\/\/htvina.com.vn\/wp-content\/uploads\/2023\/10\/Screenshot-2023-10-19-001414-600x572.png 600w, https:\/\/htvina.com.vn\/wp-content\/uploads\/2023\/10\/Screenshot-2023-10-19-001414-768x732.png 768w\" sizes=\"(max-width: 930px) 100vw, 930px\" \/>\t\t\t\t\t\t\t\t\t\t\t\t\t\t\t<\/div>\n\t\t\t\t<\/div>\n\t\t\t\t<\/div>\n\t\t\t\t\t<\/div>\n\t\t\t\t<\/div>\n\t\t<div class=\"elementor-element elementor-element-8b13a52 e-flex e-con-boxed e-con e-parent\" data-id=\"8b13a52\" data-element_type=\"container\">\n\t\t\t\t\t<div class=\"e-con-inner\">\n\t\t<div class=\"elementor-element elementor-element-8a891a6 e-con-full e-flex e-con e-child\" data-id=\"8a891a6\" data-element_type=\"container\">\n\t\t\t\t<div class=\"elementor-element elementor-element-d86ca3b elementor-widget elementor-widget-image\" data-id=\"d86ca3b\" data-element_type=\"widget\" data-widget_type=\"image.default\">\n\t\t\t\t<div class=\"elementor-widget-container\">\n\t\t\t\t\t\t\t\t\t\t\t\t\t\t\t<img decoding=\"async\" width=\"2560\" height=\"1812\" src=\"https:\/\/htvina.com.vn\/wp-content\/uploads\/2023\/10\/4-l7Ml8vviK-transformed-scaled.jpg\" class=\"attachment-large size-large wp-image-3912\" alt=\"\" srcset=\"https:\/\/htvina.com.vn\/wp-content\/uploads\/2023\/10\/4-l7Ml8vviK-transformed-scaled.jpg 2560w, https:\/\/htvina.com.vn\/wp-content\/uploads\/2023\/10\/4-l7Ml8vviK-transformed-600x425.jpg 600w, https:\/\/htvina.com.vn\/wp-content\/uploads\/2023\/10\/4-l7Ml8vviK-transformed-768x544.jpg 768w, https:\/\/htvina.com.vn\/wp-content\/uploads\/2023\/10\/4-l7Ml8vviK-transformed-1536x1087.jpg 1536w, https:\/\/htvina.com.vn\/wp-content\/uploads\/2023\/10\/4-l7Ml8vviK-transformed-2048x1449.jpg 2048w\" sizes=\"(max-width: 2560px) 100vw, 2560px\" \/>\t\t\t\t\t\t\t\t\t\t\t\t\t\t\t<\/div>\n\t\t\t\t<\/div>\n\t\t\t\t<\/div>\n\t\t<div class=\"elementor-element elementor-element-536c460 e-con-full e-flex e-con e-child\" data-id=\"536c460\" data-element_type=\"container\">\n\t\t\t\t<div class=\"elementor-element elementor-element-37782b7 elementor-widget__width-auto custom-under-line-header left elementor-widget elementor-widget-heading\" data-id=\"37782b7\" data-element_type=\"widget\" data-widget_type=\"heading.default\">\n\t\t\t\t<div class=\"elementor-widget-container\">\n\t\t\t\t\t<h2 class=\"elementor-heading-title elementor-size-default\">Mission<\/h2>\t\t\t\t<\/div>\n\t\t\t\t<\/div>\n\t\t\t\t<div class=\"elementor-element elementor-element-0d47d8d elementor-widget elementor-widget-heading\" data-id=\"0d47d8d\" data-element_type=\"widget\" data-widget_type=\"heading.default\">\n\t\t\t\t<div class=\"elementor-widget-container\">\n\t\t\t\t\t<h5 class=\"elementor-heading-title elementor-size-default\">With experience and capacity available, HT Vina\nInvestment Joint Stock Company, we always believe that we will bring to customers the best quality products and best price with professional service attitude.\n\n<\/h5>\t\t\t\t<\/div>\n\t\t\t\t<\/div>\n\t\t\t\t<\/div>\n\t\t\t\t\t<\/div>\n\t\t\t\t<\/div>\n\t\t<div class=\"elementor-element elementor-element-0bb8db7 e-flex e-con-boxed e-con e-parent\" data-id=\"0bb8db7\" data-element_type=\"container\">\n\t\t\t\t\t<div class=\"e-con-inner\">\n\t\t<div class=\"elementor-element elementor-element-df4a77c e-con-full e-flex e-con e-child\" data-id=\"df4a77c\" data-element_type=\"container\">\n\t\t\t\t<div class=\"elementor-element elementor-element-5348cd0 elementor-widget__width-auto custom-under-line-header left elementor-widget elementor-widget-heading\" data-id=\"5348cd0\" data-element_type=\"widget\" data-widget_type=\"heading.default\">\n\t\t\t\t<div class=\"elementor-widget-container\">\n\t\t\t\t\t<h2 class=\"elementor-heading-title elementor-size-default\">Core values<\/h2>\t\t\t\t<\/div>\n\t\t\t\t<\/div>\n\t\t\t\t<div class=\"elementor-element elementor-element-ac61364 elementor-widget elementor-widget-heading\" data-id=\"ac61364\" data-element_type=\"widget\" data-widget_type=\"heading.default\">\n\t\t\t\t<div class=\"elementor-widget-container\">\n\t\t\t\t\t<h5 class=\"elementor-heading-title elementor-size-default\">During the process of operation since then, in the context of changing world market as well as domestic market, we always take the motto of <span style=\"color:#FD7C26\">\"QUALITY AND PRESTIGE IS ALWAYS COME FIRST\"<\/span> <br> With the policy of treatment \nand clear planning of sustainable development, HT \nVina has been attracting experienced and\nenthusiastic executives as well as experienced in \ncarton packaging.<\/h5>\t\t\t\t<\/div>\n\t\t\t\t<\/div>\n\t\t\t\t<\/div>\n\t\t<div class=\"elementor-element elementor-element-59255f4 e-con-full e-flex e-con e-child\" data-id=\"59255f4\" data-element_type=\"container\">\n\t\t\t\t<div class=\"elementor-element elementor-element-5b56475 elementor-widget elementor-widget-image\" data-id=\"5b56475\" data-element_type=\"widget\" data-widget_type=\"image.default\">\n\t\t\t\t<div class=\"elementor-widget-container\">\n\t\t\t\t\t\t\t\t\t\t\t\t\t\t\t<img decoding=\"async\" width=\"2372\" height=\"1028\" src=\"https:\/\/htvina.com.vn\/wp-content\/uploads\/2023\/10\/2-1.jpg\" class=\"attachment-large size-large wp-image-3940\" alt=\"\" srcset=\"https:\/\/htvina.com.vn\/wp-content\/uploads\/2023\/10\/2-1.jpg 2372w, https:\/\/htvina.com.vn\/wp-content\/uploads\/2023\/10\/2-1-600x260.jpg 600w, https:\/\/htvina.com.vn\/wp-content\/uploads\/2023\/10\/2-1-768x333.jpg 768w, https:\/\/htvina.com.vn\/wp-content\/uploads\/2023\/10\/2-1-1536x666.jpg 1536w, https:\/\/htvina.com.vn\/wp-content\/uploads\/2023\/10\/2-1-2048x888.jpg 2048w\" sizes=\"(max-width: 2372px) 100vw, 2372px\" \/>\t\t\t\t\t\t\t\t\t\t\t\t\t\t\t<\/div>\n\t\t\t\t<\/div>\n\t\t\t\t<\/div>\n\t\t\t\t\t<\/div>\n\t\t\t\t<\/div>\n\t\t<div class=\"elementor-element elementor-element-88af27d e-flex e-con-boxed e-con e-parent\" data-id=\"88af27d\" data-element_type=\"container\">\n\t\t\t\t\t<div class=\"e-con-inner\">\n\t\t<div class=\"elementor-element elementor-element-f6b1397 e-con-full e-flex e-con e-child\" data-id=\"f6b1397\" data-element_type=\"container\">\n\t\t\t\t<div class=\"elementor-element elementor-element-1bcf34c elementor-widget elementor-widget-image\" data-id=\"1bcf34c\" data-element_type=\"widget\" data-widget_type=\"image.default\">\n\t\t\t\t<div class=\"elementor-widget-container\">\n\t\t\t\t\t\t\t\t\t\t\t\t\t\t\t<img loading=\"lazy\" decoding=\"async\" width=\"1024\" height=\"590\" src=\"https:\/\/htvina.com.vn\/wp-content\/uploads\/2023\/10\/3-1024x590.jpg\" class=\"attachment-large size-large wp-image-3646\" alt=\"\" srcset=\"https:\/\/htvina.com.vn\/wp-content\/uploads\/2023\/10\/3-1024x590.jpg 1024w, https:\/\/htvina.com.vn\/wp-content\/uploads\/2023\/10\/3-300x173.jpg 300w, https:\/\/htvina.com.vn\/wp-content\/uploads\/2023\/10\/3-768x442.jpg 768w, https:\/\/htvina.com.vn\/wp-content\/uploads\/2023\/10\/3.jpg 1064w\" sizes=\"(max-width: 1024px) 100vw, 1024px\" \/>\t\t\t\t\t\t\t\t\t\t\t\t\t\t\t<\/div>\n\t\t\t\t<\/div>\n\t\t\t\t<\/div>\n\t\t<div class=\"elementor-element elementor-element-f701903 e-con-full e-flex e-con e-child\" data-id=\"f701903\" data-element_type=\"container\">\n\t\t\t\t<div class=\"elementor-element elementor-element-317877b elementor-widget__width-auto custom-under-line-header left elementor-widget elementor-widget-heading\" data-id=\"317877b\" data-element_type=\"widget\" data-widget_type=\"heading.default\">\n\t\t\t\t<div class=\"elementor-widget-container\">\n\t\t\t\t\t<h2 class=\"elementor-heading-title elementor-size-default\">Difference<\/h2>\t\t\t\t<\/div>\n\t\t\t\t<\/div>\n\t\t\t\t<div class=\"elementor-element elementor-element-13be6ba elementor-widget elementor-widget-heading\" data-id=\"13be6ba\" data-element_type=\"widget\" data-widget_type=\"heading.default\">\n\t\t\t\t<div class=\"elementor-widget-container\">\n\t\t\t\t\t<h5 class=\"elementor-heading-title elementor-size-default\">After more than 10 years in operation, from a fledgling enterprise, HT VINA has affirmed its position, became one of the reputable carton packaging suppliers in the market and received support and credit, responsibilities of well-known domestic and foreign partners such as \n\n <span style=\"color:#FD7C26\">VINAMILK, SABECO, NESTL\u00c9, URC, MASAN, LAVIE, ACECOOK, CEDO, ORION, DUTCH LADY, FOXCONN\u2026\" <\/span><\/h5>\t\t\t\t<\/div>\n\t\t\t\t<\/div>\n\t\t\t\t<\/div>\n\t\t\t\t\t<\/div>\n\t\t\t\t<\/div>\n\t\t<div class=\"elementor-element elementor-element-b1ad9f4 e-flex e-con-boxed e-con e-parent\" data-id=\"b1ad9f4\" data-element_type=\"container\">\n\t\t\t\t\t<div class=\"e-con-inner\">\n\t\t<div class=\"elementor-element elementor-element-7b9da45 e-con-full e-flex e-con e-child\" data-id=\"7b9da45\" data-element_type=\"container\">\n\t\t\t\t<\/div>\n\t\t<div class=\"elementor-element elementor-element-8a8d9c8 e-con-full e-flex e-con e-child\" data-id=\"8a8d9c8\" data-element_type=\"container\">\n\t\t\t\t<\/div>\n\t\t<div class=\"elementor-element elementor-element-5e9d675 e-con-full e-flex e-con e-child\" data-id=\"5e9d675\" data-element_type=\"container\">\n\t\t\t\t<\/div>\n\t\t<div class=\"elementor-element elementor-element-ad2928f e-con-full e-flex e-con e-child\" data-id=\"ad2928f\" data-element_type=\"container\">\n\t\t\t\t<\/div>\n\t\t\t\t\t<\/div>\n\t\t\t\t<\/div>\n\t\t\t\t<\/div>","protected":false},"excerpt":{"rendered":"<p>V\u1ec1 ch\u00fang t\u00f4i Trang ch\u1ee7 \/ V\u1ec1 ch\u00fang t\u00f4i C\u00f4ng ty c\u1ed5 ph\u1ea7n \u0111\u1ea7u t\u01b0 HT VINA HT VINA INVESTMENT CORP.COMPANY V\u1edbi \u0111\u1ed9i ng\u0169 c\u00e1n b\u1ed9 qu\u1ea3n l\u00fd tr\u1ebb v\u00e0 c\u00f4ng nh\u00e2n l\u00e0nh ngh\u1ec1 c\u00f3 kinh nghi\u1ec7m. C\u00f9ng v\u1edbi cam k\u1ebft c\u1ee7a C\u00f4ng ty v\u1ec1 \u00d0\u1ea3m b\u1ea3o m\u00f4i tr\u01b0\u1eddng theo ph\u00e1p lu\u1eadt hi\u1ec7n h\u00e0nh. C\u00f4ng [&hellip;]<\/p>","protected":false},"author":1,"featured_media":0,"parent":0,"menu_order":0,"comment_status":"closed","ping_status":"closed","template":"","meta":{"footnotes":""},"class_list":["post-12","page","type-page","status-publish","hentry"],"_links":{"self":[{"href":"https:\/\/htvina.com.vn\/en\/wp-json\/wp\/v2\/pages\/12","targetHints":{"allow":["GET"]}}],"collection":[{"href":"https:\/\/htvina.com.vn\/en\/wp-json\/wp\/v2\/pages"}],"about":[{"href":"https:\/\/htvina.com.vn\/en\/wp-json\/wp\/v2\/types\/page"}],"author":[{"embeddable":true,"href":"https:\/\/htvina.com.vn\/en\/wp-json\/wp\/v2\/users\/1"}],"replies":[{"embeddable":true,"href":"https:\/\/htvina.com.vn\/en\/wp-json\/wp\/v2\/comments?post=12"}],"version-history":[{"count":68,"href":"https:\/\/htvina.com.vn\/en\/wp-json\/wp\/v2\/pages\/12\/revisions"}],"predecessor-version":[{"id":4359,"href":"https:\/\/htvina.com.vn\/en\/wp-json\/wp\/v2\/pages\/12\/revisions\/4359"}],"wp:attachment":[{"href":"https:\/\/htvina.com.vn\/en\/wp-json\/wp\/v2\/media?parent=12"}],"curies":[{"name":"wp","href":"https:\/\/api.w.org\/{rel}","templated":true}]}}